{"id":10677,"date":"2019-07-03T12:55:48","date_gmt":"2019-07-03T12:55:48","guid":{"rendered":"http:\/\/www.v-gaertner.at\/WP\/contact-copy\/"},"modified":"2023-08-18T22:38:45","modified_gmt":"2023-08-18T21:38:45","slug":"mitglied-werden","status":"publish","type":"page","link":"https:\/\/www.v-gaertner.at\/WP\/mitglied-werden\/","title":{"rendered":"Mitglied werden"},"content":{"rendered":"<div class=\"wpb-content-wrapper\"><p>[vc_row css=&#8220;.vc_custom_1481525246591{padding-top: 10px !important;padding-bottom: 75px !important;}&#8220;][vc_column]<div class=\"ult-animation  ult-animate-viewport  ult-no-mobile \" data-animate=\"bounceInDown\" data-animation-delay=\"0.5\" data-animation-duration=\"1\" data-animation-iteration=\"1\" style=\"opacity:0;\" data-opacity_start_effect=\"\"><\/div>[vc_row_inner][vc_column_inner width=&#8220;1\/2&#8243;]<div class=\"ult-animation  ult-animate-viewport  ult-no-mobile \" data-animate=\"fadeInLeft\" data-animation-delay=\"0.5\" data-animation-duration=\"1\" data-animation-iteration=\"1\" style=\"opacity:0;\" data-opacity_start_effect=\"\">[vc_single_image image=&#8220;11193&#8243; img_size=&#8220;full&#8220;]<\/div>[\/vc_column_inner][vc_column_inner width=&#8220;1\/2&#8243;]<div class=\"ult-animation  ult-animate-viewport  ult-no-mobile \" data-animate=\"flipInY\" data-animation-delay=\"0.8\" data-animation-duration=\"1\" data-animation-iteration=\"1\" style=\"opacity:0;\" data-opacity_start_effect=\"\"><div class='dt-sc-section-title alignleft  vc_custom_1604575232547'><h3><span>Werbegemeinschaft<\/span> <\/h3><p><\/p><\/div><div class='dt-sc-section-title alignleft  vc_custom_1604575209362'><h3><span><\/span> Vorarlberger G\u00e4rtner &amp; Floristen<\/h3><p><\/p><\/div><\/div>[vc_column_text css=&#8220;.vc_custom_1692394695915{padding-top: 20px !important;}&#8220;]&nbsp;<\/p>\n<p><strong>Adresse<\/strong><\/p>\n<p>Montfortstrasse 9<br \/>\n6900 Bregenz<br \/>\nZVR: 425940572<br \/>\nATU: 63223808<\/p>\n<p>T 05574 400 231<br \/>\nF 05574 400 602<br \/>\nE harald.rammel@lk-vbg.at[\/vc_column_text][\/vc_column_inner][\/vc_row_inner][vc_column_text css=&#8220;.vc_custom_1642837229379{margin-top: 20px !important;padding-top: 40px !important;padding-right: 40px !important;padding-bottom: 40px !important;padding-left: 40px !important;background-color: #ffffff !important;}&#8220;]<strong>Werbeausschuss<\/strong><\/p>\n<p>Der Werbeausschuss tritt zwei Mal j\u00e4hrlich zusammen und erarbeitet ein Werbeprogramm, das bei der j\u00e4hrlichen Generalversammlung beschlossen wird. Der Werbeausschuss besteht aus:<\/p>\n<ul>\n<li>Obmann Alexander Angeloff, Rankweil<\/li>\n<li>Obmann Stellvertreter Reinhard Brunner, H\u00f6chst<\/li>\n<li>Beirat Andreas D\u00fcr, Alberschwende<\/li>\n<li>Beirat Ing. Anton Moosbrugger, H\u00f6rbranz<\/li>\n<li>Beirat Florian Stadelmann, Hard<\/li>\n<li>Beirat Markus Karg, Wolfurt<\/li>\n<li>Beir\u00e4tin Regina Metzler-Mattes, Andelsbuch<\/li>\n<li>Beir\u00e4tin Stefanie M\u00fcller-Franzoi, Th\u00fcringen<\/li>\n<li>Beir\u00e4tin Floristik Veronika Natter, Schwarzenberg<\/li>\n<li>Beirat Hilmar M\u00fcller, Wirtschaftskammer<\/li>\n<li>Gesch\u00e4ftsf\u00fchrung Ing. Harald Rammel, Landwirtschaftskammer<\/li>\n<\/ul>\n<p>Die Werbegemeinschaft Vorarlberger G\u00e4rtner &amp; Floristen ist Mitglied beim \u00f6sterreichweit agierenden Blumenmarketing Austria (BMA).<\/p>\n<p>Mit der Mitgliedschaft in der Werbegemeinschaft sind folgende Rechte und Pflichten verbunden:<\/p>\n<p><strong>Rechte:<\/strong><\/p>\n<ul>\n<li>Teilnahme an allen gemeinsamen Werbeaktionen<\/li>\n<li>F\u00fchrung des Logos der Werbegemeinschaft V G&amp;F<\/li>\n<li>F\u00fchrung der Exklusivmarken der Werbegemeinschaft (Erde, D\u00fcnger, V-G\u00e4rtnerkarton\u2026)<\/li>\n<li>Teilnahme an verschiedenen Gutscheinaktionen<\/li>\n<li>Betriebsportrait auf der Homepage der V-G\u00e4rtner<\/li>\n<li>Stimmrecht in der j\u00e4hrlichen Generalversammlung<\/li>\n<li>Einbringung von Idee an den parit\u00e4tisch besetzten Werbeausschuss<\/li>\n<li>Informationen per Rundschreiben (ca. 5-8 x \/ Jahr) \u00fcber Aktuelles und Aktivit\u00e4ten.<\/li>\n<\/ul>\n<p><strong>Pflichten:<\/strong><\/p>\n<ul>\n<li>Termingerechte Bezahlung des Jahresmitgliedsbeitrages<\/li>\n<li>Beachtung der Vereinsstatuten in der jeweils g\u00fcltigen Form.<\/li>\n<\/ul>\n<p><strong>Mitgliedsbeitrag<\/strong><\/p>\n<p>Der Jahresmitgliedsbeitrag f\u00fcr gewerbliche Gartenbaubetriebe und Floristikfachgesch\u00e4fte ist nach Betriebsgr\u00f6\u00dfe bzw. Mitarbeiterstand gestaffelt. Genaue Informationen dazu erhalten sie beim Obmann bzw. Gesch\u00e4ftsf\u00fchrer der Werbegemeinschaft.[\/vc_column_text][\/vc_column][\/vc_row]<\/p>\n<\/div>","protected":false},"excerpt":{"rendered":"<p>[vc_row css=&#8220;.vc_custom_1481525246591{padding-top: 10px !important;padding-bottom: 75px !important;}&#8220;][vc_column][vc_row_inner][vc_column_inner width=&#8220;1\/2&#8243;][\/vc_column_inner][vc_column_inner width=&#8220;1\/2&#8243;][vc_column_text css=&#8220;.vc_custom_1692394695915{padding-top: 20px !important;}&#8220;]&nbsp; Adresse Montfortstrasse 9 6900 Bregenz ZVR: 425940572 ATU: 63223808 T 05574 400 231 F 05574 400 602 E harald.rammel@lk-vbg.at[\/vc_column_text][\/vc_column_inner][\/vc_row_inner][vc_column_text css=&#8220;.vc_custom_1642837229379{margin-top: 20px !important;padding-top: 40px !important;padding-right: 40px !important;padding-bottom: 40px !important;padding-left: 40px !important;background-color: #ffffff !important;}&#8220;]Werbeausschuss Der Werbeausschuss tritt zwei Mal j\u00e4hrlich zusammen und erarbeitet ein Werbeprogramm, das [&hellip;]<\/p>\n","protected":false},"author":1,"featured_media":0,"parent":0,"menu_order":0,"comment_status":"closed","ping_status":"closed","template":"","meta":{"_acf_changed":false,"footnotes":""},"class_list":["post-10677","page","type-page","status-publish","hentry"],"acf":[],"_links":{"self":[{"href":"https:\/\/www.v-gaertner.at\/WP\/wp-json\/wp\/v2\/pages\/10677","targetHints":{"allow":["GET"]}}],"collection":[{"href":"https:\/\/www.v-gaertner.at\/WP\/wp-json\/wp\/v2\/pages"}],"about":[{"href":"https:\/\/www.v-gaertner.at\/WP\/wp-json\/wp\/v2\/types\/page"}],"author":[{"embeddable":true,"href":"https:\/\/www.v-gaertner.at\/WP\/wp-json\/wp\/v2\/users\/1"}],"replies":[{"embeddable":true,"href":"https:\/\/www.v-gaertner.at\/WP\/wp-json\/wp\/v2\/comments?post=10677"}],"version-history":[{"count":1,"href":"https:\/\/www.v-gaertner.at\/WP\/wp-json\/wp\/v2\/pages\/10677\/revisions"}],"predecessor-version":[{"id":13253,"href":"https:\/\/www.v-gaertner.at\/WP\/wp-json\/wp\/v2\/pages\/10677\/revisions\/13253"}],"wp:attachment":[{"href":"https:\/\/www.v-gaertner.at\/WP\/wp-json\/wp\/v2\/media?parent=10677"}],"curies":[{"name":"wp","href":"https:\/\/api.w.org\/{rel}","templated":true}]}}